{"id":89,"date":"2023-11-05T20:31:54","date_gmt":"2023-11-05T20:31:54","guid":{"rendered":"https:\/\/www.sarasantosnutricionista.com\/?page_id=89"},"modified":"2026-03-12T10:58:21","modified_gmt":"2026-03-12T10:58:21","slug":"contacto","status":"publish","type":"page","link":"https:\/\/www.sarasantosnutricionista.com\/index.php\/contacto\/","title":{"rendered":"Contacto"},"content":{"rendered":"\n<div class=\"wp-block-columns are-vertically-aligned-center is-layout-flex wp-container-core-columns-is-layout-a273a806 wp-block-columns-is-layout-flex\">\n<div class=\"wp-block-column is-vertically-aligned-center is-layout-flow wp-block-column-is-layout-flow\" style=\"flex-basis:60%\">\n<div class=\"wp-block-group has-global-padding is-layout-constrained wp-container-core-group-is-layout-e555385e wp-block-group-is-layout-constrained\">\n<p class=\"has-primary-color has-text-color has-base-font-size\" style=\"margin-bottom:var(--wp--preset--spacing--xx-small)\">Te cuento <\/p>\n\n\n\n<h1 class=\"wp-block-heading has-x-large-font-size\">C\u00f3mo funciona la consulta<\/h1>\n\n\n\n<p class=\"has-inter-font-family\" style=\"margin-top:var(--wp--preset--spacing--small)\">Que sepas que, si te encuentras en esta p\u00e1gina, la parte m\u00e1s dif\u00edcil ya la has conseguido, que es dar el paso y tomar las riendas de tu salud y tu alimentaci\u00f3n.<\/p>\n\n\n\n<div class=\"wp-block-buttons is-content-justification-left is-layout-flex wp-container-core-buttons-is-layout-08be1a38 wp-block-buttons-is-layout-flex\" style=\"margin-top:var(--wp--preset--spacing--medium)\">\n<div class=\"wp-block-button\"><a class=\"wp-block-button__link wp-element-button\" href=\"https:\/\/www.sarasantosnutricionista.com\/index.php\/agenda-completa\/\">Presencial \u2192<\/a><\/div>\n\n\n\n<div class=\"wp-block-button is-style-outline is-style-outline--1\"><a class=\"wp-block-button__link wp-element-button\" href=\"https:\/\/www.sarasantosnutricionista.com\/index.php\/agenda-completa\/\">Online \u2192<\/a><\/div>\n<\/div>\n<\/div>\n<\/div>\n\n\n\n<div class=\"wp-block-column is-vertically-aligned-center is-layout-flow wp-block-column-is-layout-flow\" style=\"flex-basis:30%\">\n<figure class=\"wp-block-image size-large is-style-default\"><img loading=\"lazy\" decoding=\"async\" width=\"866\" height=\"1024\" src=\"https:\/\/www.sarasantosnutricionista.com\/wp-content\/uploads\/2023\/11\/Copia-de-KDC_Julio-2023-5-e1699211503803-866x1024.png\" alt=\"\" class=\"wp-image-90\" style=\"aspect-ratio:0.7998046875;object-fit:contain\" srcset=\"https:\/\/www.sarasantosnutricionista.com\/wp-content\/uploads\/2023\/11\/Copia-de-KDC_Julio-2023-5-e1699211503803-866x1024.png 866w, https:\/\/www.sarasantosnutricionista.com\/wp-content\/uploads\/2023\/11\/Copia-de-KDC_Julio-2023-5-e1699211503803-254x300.png 254w, https:\/\/www.sarasantosnutricionista.com\/wp-content\/uploads\/2023\/11\/Copia-de-KDC_Julio-2023-5-e1699211503803-768x908.png 768w, https:\/\/www.sarasantosnutricionista.com\/wp-content\/uploads\/2023\/11\/Copia-de-KDC_Julio-2023-5-e1699211503803-1300x1536.png 1300w, https:\/\/www.sarasantosnutricionista.com\/wp-content\/uploads\/2023\/11\/Copia-de-KDC_Julio-2023-5-e1699211503803.png 1386w\" sizes=\"auto, (max-width: 866px) 100vw, 866px\" \/><\/figure>\n<\/div>\n<\/div>\n\n\n\n<p><\/p>\n\n\n\n<div class=\"wp-block-group alignfull has-background-background-color has-background has-global-padding is-layout-constrained wp-container-core-group-is-layout-3b440cb5 wp-block-group-is-layout-constrained\" style=\"margin-top:0px;margin-bottom:0px;padding-top:var(--wp--preset--spacing--xx-large);padding-right:var(--wp--preset--spacing--small);padding-bottom:var(--wp--preset--spacing--xx-large);padding-left:var(--wp--preset--spacing--small)\">\n<div class=\"wp-block-group alignwide is-layout-flow wp-block-group-is-layout-flow\">\n<div class=\"wp-block-columns is-layout-flex wp-container-core-columns-is-layout-f619a8c7 wp-block-columns-is-layout-flex\">\n<div class=\"wp-block-column is-layout-flow wp-block-column-is-layout-flow\">\n<div class=\"wp-block-group has-background has-global-padding is-layout-constrained wp-container-core-group-is-layout-4d32cd85 wp-block-group-is-layout-constrained\" style=\"border-radius:10px;background-color:#9063ff3d;min-height:100%;padding-top:var(--wp--preset--spacing--large);padding-right:var(--wp--preset--spacing--large);padding-bottom:var(--wp--preset--spacing--large);padding-left:var(--wp--preset--spacing--large)\">\n<h2 class=\"wp-block-heading has-medium-font-size\" style=\"margin-top:var(--wp--preset--spacing--xx-small);font-style:normal;font-weight:600\">Entrevista Inicial<\/h2>\n\n\n\n<p>Primera sesi\u00f3n 1h<\/p>\n\n\n\n<p class=\"has-small-font-size\">En la<strong>&nbsp;primera visita<\/strong>&nbsp;pondremos en contexto tu caso con una&nbsp;<strong>entrevista inicial&nbsp;<\/strong>para conocerte en profundidad. Te enviar\u00e9 previamente un cuestionario sobre alimentaci\u00f3n y Te har\u00e9 muchas preguntas sobre tu vida, tus s\u00edntomas, tus h\u00e1bitos para conocerte bien y poder elaborar la pauta que mejor se adapte a ti. <\/p>\n\n\n\n<p class=\"has-small-font-size\"><\/p>\n\n\n\n<p class=\"has-small-font-size\">La duraci\u00f3n es de aproximadamente &nbsp;<strong>1 hora <\/strong>&nbsp;En esta sesi\u00f3n aprovecharemos para ver tus informes, anal\u00edticas o valoraremos si necesitamos alguna prueba complementaria que pueda resultarnos \u00fatil.<\/p>\n\n\n\n<p class=\"has-small-font-size\">Nos centraremos en ti y en tus h\u00e1bitos, te escucho para entender c\u00f3mo te sientes. Saldr\u00e1s con una explicaci\u00f3n y un plan de acci\u00f3n. <br><br>Despu\u00e9s de la primera visita me llevo toda la informaci\u00f3n a casa para estudiarla al detalle y elaborarte una pauta  personalizada. <\/p>\n\n\n\n<p class=\"has-small-font-size\">Te la enviar\u00e9 por correo (en un plazo m\u00e1ximo de una semana) por correo electr\u00f3nico o puedes pasar a recogerla.<\/p>\n<\/div>\n\n\n\n<p><\/p>\n<\/div>\n\n\n\n<div class=\"wp-block-column has-background-background-color has-background is-layout-flow wp-block-column-is-layout-flow\">\n<div class=\"wp-block-group has-background has-global-padding is-layout-constrained wp-container-core-group-is-layout-4d32cd85 wp-block-group-is-layout-constrained\" style=\"border-radius:9px;background-color:#9063ff3d;min-height:100%;padding-top:var(--wp--preset--spacing--large);padding-right:var(--wp--preset--spacing--large);padding-bottom:var(--wp--preset--spacing--large);padding-left:var(--wp--preset--spacing--large)\">\n<h2 class=\"wp-block-heading has-medium-font-size\" style=\"margin-top:var(--wp--preset--spacing--xx-small);font-style:normal;font-weight:600\">Entrega Pauta<\/h2>\n\n\n\n<p>Segunda sesi\u00f3n 30 -45 min<\/p>\n\n\n\n<p class=\"has-small-font-size\">Va en pack junto con la primera. \u00bfPor qu\u00e9?  porque en esta sesi\u00f3n te explico en detalle tu pauta, resolvemos dudas, fijamos objetivos que puedas cumplir  y nos centramos en ponerlo lo m\u00e1s f\u00e1cil posible para ti <\/p>\n\n\n\n<p><\/p>\n\n\n\n<p class=\"has-small-font-size\">. La pauta suele incluir:<\/p>\n\n\n\n<ul class=\"wp-block-list\">\n<li class=\"has-small-font-size\"><em>Dossier con informaci\u00f3n sobre el motivo de consulta<\/em><\/li>\n\n\n\n<li class=\"has-small-font-size\">Plan de alimentaci\u00f3n (listas de alimentos o men\u00fa de ejemplo con recetas)<\/li>\n\n\n\n<li class=\"has-small-font-size\">Gu\u00eda de suplementaci\u00f3n (si requieres)<\/li>\n\n\n\n<li class=\"has-small-font-size\">Petici\u00f3n de pruebas complementarias espec\u00edficas (si requieres)<\/li>\n\n\n\n<li class=\"has-small-font-size\"><em>Informe de composici\u00f3n corporal por bioimpedancia (si lo requieres)<\/em><\/li>\n<\/ul>\n\n\n\n<p class=\"has-small-font-size\"><br><\/p>\n<\/div>\n\n\n\n<p><\/p>\n<\/div>\n\n\n\n<div class=\"wp-block-column is-layout-flow wp-block-column-is-layout-flow\">\n<div class=\"wp-block-group has-background has-global-padding is-layout-constrained wp-container-core-group-is-layout-4d32cd85 wp-block-group-is-layout-constrained\" style=\"border-radius:10px;background-color:#9063ff3d;min-height:100%;padding-top:var(--wp--preset--spacing--large);padding-right:var(--wp--preset--spacing--large);padding-bottom:var(--wp--preset--spacing--large);padding-left:var(--wp--preset--spacing--large)\">\n<h2 class=\"wp-block-heading has-medium-font-size\" style=\"margin-top:var(--wp--preset--spacing--xx-small);font-style:normal;font-weight:600\">Revisiones<\/h2>\n\n\n\n<p class=\"has-small-font-size\"> 30 -45 min<\/p>\n\n\n\n<p><\/p>\n\n\n\n<p class=\"has-small-font-size\">Para evaluar, modificar y evolucionar en el abordaje de tu caso tendremos&nbsp;<strong>sesiones de revisi\u00f3n<\/strong>, seg\u00fan la frecuencia que necesites. <\/p>\n\n\n\n<p class=\"has-small-font-size\">En estas sesiones valoraremos tu progreso y te dar\u00e9 diferentes recetas. Tambi\u00e9n aprovecharemos para seguir profundizando en distintos temas relacionados con la educaci\u00f3n nutricional  y el estilo de vida saludable o en tu caso particular.<\/p>\n\n\n\n<p><\/p>\n\n\n\n<p class=\"has-small-font-size\">Adem\u00e1s&nbsp;<strong>incluye soporte y resoluci\u00f3n de dudas<\/strong>&nbsp;v\u00eda  mail durante todo el proceso en el que trabajemos juntas.<\/p>\n\n\n\n<p class=\"has-small-font-size\"><\/p>\n<\/div>\n\n\n\n<p><\/p>\n<\/div>\n<\/div>\n<\/div>\n\n\n\n<p class=\"has-large-font-size\"><\/p>\n\n\n\n<p><\/p>\n\n\n\n<h3 class=\"wp-block-heading\"><strong>Tarifas<\/strong>:<\/h3>\n\n\n\n<p>Por nuestra experiencia la mejor forma de comenzar es la siguiente:<\/p>\n\n\n\n<figure class=\"wp-block-image size-large\"><img loading=\"lazy\" decoding=\"async\" width=\"1024\" height=\"575\" src=\"https:\/\/www.sarasantosnutricionista.com\/wp-content\/uploads\/2026\/03\/Captura-de-pantalla-2026-03-12-a-las-11.49.58-1024x575.png\" alt=\"\" class=\"wp-image-326\" srcset=\"https:\/\/www.sarasantosnutricionista.com\/wp-content\/uploads\/2026\/03\/Captura-de-pantalla-2026-03-12-a-las-11.49.58-1024x575.png 1024w, https:\/\/www.sarasantosnutricionista.com\/wp-content\/uploads\/2026\/03\/Captura-de-pantalla-2026-03-12-a-las-11.49.58-300x169.png 300w, https:\/\/www.sarasantosnutricionista.com\/wp-content\/uploads\/2026\/03\/Captura-de-pantalla-2026-03-12-a-las-11.49.58-768x431.png 768w, https:\/\/www.sarasantosnutricionista.com\/wp-content\/uploads\/2026\/03\/Captura-de-pantalla-2026-03-12-a-las-11.49.58.png 1520w\" sizes=\"auto, (max-width: 1024px) 100vw, 1024px\" \/><\/figure>\n\n\n\n<figure class=\"wp-block-image size-large\"><img loading=\"lazy\" decoding=\"async\" width=\"1024\" height=\"664\" src=\"https:\/\/www.sarasantosnutricionista.com\/wp-content\/uploads\/2026\/03\/Captura-de-pantalla-2026-03-12-a-las-11.57.22-1024x664.png\" alt=\"\" class=\"wp-image-329\" srcset=\"https:\/\/www.sarasantosnutricionista.com\/wp-content\/uploads\/2026\/03\/Captura-de-pantalla-2026-03-12-a-las-11.57.22-1024x664.png 1024w, https:\/\/www.sarasantosnutricionista.com\/wp-content\/uploads\/2026\/03\/Captura-de-pantalla-2026-03-12-a-las-11.57.22-300x194.png 300w, https:\/\/www.sarasantosnutricionista.com\/wp-content\/uploads\/2026\/03\/Captura-de-pantalla-2026-03-12-a-las-11.57.22-768x498.png 768w, https:\/\/www.sarasantosnutricionista.com\/wp-content\/uploads\/2026\/03\/Captura-de-pantalla-2026-03-12-a-las-11.57.22-1536x996.png 1536w, https:\/\/www.sarasantosnutricionista.com\/wp-content\/uploads\/2026\/03\/Captura-de-pantalla-2026-03-12-a-las-11.57.22.png 1546w\" sizes=\"auto, (max-width: 1024px) 100vw, 1024px\" \/><\/figure>\n<\/div>\n\n\n\n<h2 class=\"wp-block-heading\">\u00bfQuieres trabajar con nosotras?<\/h2>\n\n\n\n<p>Cu\u00e9ntanos tu caso a trav\u00e9s de este formualario<\/p>\n\n\n<style id=\"wpforms-css-vars-99-block-e75a4d99-6adb-4816-a274-9d319b7880d3\">\n\t\t\t\t#wpforms-99.wpforms-block-e75a4d99-6adb-4816-a274-9d319b7880d3 {\n\t\t\t\t--wpforms-field-size-input-height: 43px;\n--wpforms-field-size-input-spacing: 15px;\n--wpforms-field-size-font-size: 16px;\n--wpforms-field-size-line-height: 19px;\n--wpforms-field-size-padding-h: 14px;\n--wpforms-field-size-checkbox-size: 16px;\n--wpforms-field-size-sublabel-spacing: 5px;\n--wpforms-field-size-icon-size: 1;\n--wpforms-label-size-font-size: 16px;\n--wpforms-label-size-line-height: 19px;\n--wpforms-label-size-sublabel-font-size: 14px;\n--wpforms-label-size-sublabel-line-height: 17px;\n--wpforms-button-size-font-size: 17px;\n--wpforms-button-size-height: 41px;\n--wpforms-button-size-padding-h: 15px;\n--wpforms-button-size-margin-top: 10px;\n\t\t\t}\n\t\t\t<\/style><div class=\"wpforms-container wpforms-container-full wpforms-block wpforms-block-e75a4d99-6adb-4816-a274-9d319b7880d3 wpforms-render-modern\" id=\"wpforms-99\"><form id=\"wpforms-form-99\" class=\"wpforms-validate wpforms-form wpforms-ajax-form\" data-formid=\"99\" method=\"post\" enctype=\"multipart\/form-data\" action=\"\/index.php\/wp-json\/wp\/v2\/pages\/89\" data-token=\"1dd8b6b5c67a74502bbba4b167d2fc64\" data-token-time=\"1776602412\"><noscript class=\"wpforms-error-noscript\">Por favor, activa JavaScript en tu navegador para completar este formulario.<\/noscript><div id=\"wpforms-error-noscript\" style=\"display: none;\">Por favor, activa JavaScript en tu navegador para completar este formulario.<\/div><div class=\"wpforms-field-container\"><div id=\"wpforms-99-field_0-container\" class=\"wpforms-field wpforms-field-name\" data-field-id=\"0\"><fieldset><legend class=\"wpforms-field-label\">Nombre <span class=\"wpforms-required-label\" aria-hidden=\"true\">*<\/span><\/legend><div class=\"wpforms-field-row wpforms-field-medium\"><div class=\"wpforms-field-row-block wpforms-first wpforms-one-half\"><input type=\"text\" id=\"wpforms-99-field_0\" class=\"wpforms-field-name-first wpforms-field-required\" name=\"wpforms[fields][0][first]\" aria-errormessage=\"wpforms-99-field_0-error\" required><label for=\"wpforms-99-field_0\" class=\"wpforms-field-sublabel after\">Nombre<\/label><\/div><div class=\"wpforms-field-row-block wpforms-one-half\"><input type=\"text\" id=\"wpforms-99-field_0-last\" class=\"wpforms-field-name-last wpforms-field-required\" name=\"wpforms[fields][0][last]\" aria-errormessage=\"wpforms-99-field_0-last-error\" required><label for=\"wpforms-99-field_0-last\" class=\"wpforms-field-sublabel after\">Apellidos<\/label><\/div><\/div><\/fieldset><\/div><div id=\"wpforms-99-field_1-container\" class=\"wpforms-field wpforms-field-email\" data-field-id=\"1\"><label class=\"wpforms-field-label\" for=\"wpforms-99-field_1\">Correo electr\u00f3nico <span class=\"wpforms-required-label\" aria-hidden=\"true\">*<\/span><\/label><input type=\"email\" id=\"wpforms-99-field_1\" class=\"wpforms-field-medium wpforms-field-required\" name=\"wpforms[fields][1]\" spellcheck=\"false\" aria-errormessage=\"wpforms-99-field_1-error\" required><\/div><div id=\"wpforms-99-field_5-container\" class=\"wpforms-field wpforms-field-number\" data-field-id=\"5\"><label class=\"wpforms-field-label\" for=\"wpforms-99-field_5\">N\u00famero de tel\u00e9fono <span class=\"wpforms-required-label\" aria-hidden=\"true\">*<\/span><\/label><input type=\"number\" id=\"wpforms-99-field_5\" class=\"wpforms-field-medium wpforms-field-required\" name=\"wpforms[fields][5]\" step=\"any\" aria-errormessage=\"wpforms-99-field_5-error\" required><\/div><div id=\"wpforms-99-field_2-container\" class=\"wpforms-field wpforms-field-textarea\" data-field-id=\"2\"><label class=\"wpforms-field-label\" for=\"wpforms-99-field_2\">Cu\u00e9ntanos brevemente tu caso<\/label><textarea id=\"wpforms-99-field_2\" class=\"wpforms-field-medium\" name=\"wpforms[fields][2]\" aria-errormessage=\"wpforms-99-field_2-error\" ><\/textarea><\/div><div id=\"wpforms-99-field_3-container\" class=\"wpforms-field wpforms-field-select wpforms-field-select-style-classic\" data-field-id=\"3\"><label class=\"wpforms-field-label\" for=\"wpforms-99-field_3\">Tipo de consulta: elige online o presencial en Gij\u00f3n <span class=\"wpforms-required-label\" aria-hidden=\"true\">*<\/span><\/label><select id=\"wpforms-99-field_3\" class=\"wpforms-field-medium wpforms-field-required\" name=\"wpforms[fields][3]\" required=\"required\"><option value=\"Online\"  class=\"choice-1 depth-1\"  >Online<\/option><option value=\"Presencial\"  selected='selected' class=\"choice-2 depth-1\"  >Presencial<\/option><\/select><\/div><div id=\"wpforms-99-field_6-container\" class=\"wpforms-field wpforms-field-text\" data-field-id=\"6\"><label class=\"wpforms-field-label\" for=\"wpforms-99-field_6\">\u00bfC\u00f3mo nos has conocido?<\/label><input type=\"text\" id=\"wpforms-99-field_6\" class=\"wpforms-field-medium\" name=\"wpforms[fields][6]\" aria-errormessage=\"wpforms-99-field_6-error\" ><\/div><\/div><!-- .wpforms-field-container --><div class=\"wpforms-submit-container\" ><input type=\"hidden\" name=\"wpforms[id]\" value=\"99\"><input type=\"hidden\" name=\"page_title\" value=\"\"><input type=\"hidden\" name=\"page_url\" value=\"https:\/\/www.sarasantosnutricionista.com\/index.php\/wp-json\/wp\/v2\/pages\/89\"><input type=\"hidden\" name=\"url_referer\" value=\"\"><button type=\"submit\" name=\"wpforms[submit]\" id=\"wpforms-submit-99\" class=\"wpforms-submit\" data-alt-text=\"Enviando...\" data-submit-text=\"Enviar\" aria-live=\"assertive\" value=\"wpforms-submit\">Enviar<\/button><img loading=\"lazy\" decoding=\"async\" src=\"https:\/\/www.sarasantosnutricionista.com\/wp-content\/plugins\/wpforms-lite\/assets\/images\/submit-spin.svg\" class=\"wpforms-submit-spinner\" style=\"display: none;\" width=\"26\" height=\"26\" alt=\"Cargando\"><\/div><\/form><\/div>  <!-- .wpforms-container -->\n\n\n<p>\u00a1Muchas gracias por tu confianza!<\/p>\n\n\n\n<p class=\"has-text-align-center has-vivid-purple-color has-text-color has-link-color wp-elements-6c61a40494985284468762c5705edda6\"><\/p>\n\n\n\n<p class=\"has-secondary-color has-text-color has-link-color wp-elements-9ab710cf8c468622e0769e4dc7d6d8ac\"><\/p>\n\n\n\n<p class=\"has-vivid-purple-color has-text-color has-link-color wp-elements-c91f8deee3c04b730e14abb8038927ba\"><\/p>\n\n\n\n<p class=\"has-vivid-purple-color has-text-color has-link-color wp-elements-fc36594e97a51efa564391f0390c33c9\"><a href=\"http:\/\/eepurl.com\/jbg6lI\"><\/a><\/p>\n\n\n\n<p class=\"has-text-align-center\"><strong>\u00bfTienes alguna duda? <\/strong><\/p>\n\n\n\n<p class=\"has-text-align-center\">Escr\u00edbeme un mail a hola@sarasantosnutricionista.com<\/p>\n\n\n\n<p class=\"has-text-align-center\"><\/p>\n","protected":false},"excerpt":{"rendered":"<p>Te cuento C\u00f3mo funciona la consulta Que sepas que, si te encuentras en esta p\u00e1gina, la parte m\u00e1s dif\u00edcil ya la has conseguido, que es dar el paso y tomar las riendas de tu salud y tu alimentaci\u00f3n. Entrevista Inicial Primera sesi\u00f3n 1h En la&nbsp;primera visita&nbsp;pondremos en contexto tu caso con una&nbsp;entrevista inicial&nbsp;para conocerte en [&hellip;]<\/p>\n","protected":false},"author":1,"featured_media":0,"parent":0,"menu_order":0,"comment_status":"closed","ping_status":"closed","template":"no-title-space","meta":{"footnotes":""},"class_list":["post-89","page","type-page","status-publish","hentry"],"jetpack_sharing_enabled":true,"_links":{"self":[{"href":"https:\/\/www.sarasantosnutricionista.com\/index.php\/wp-json\/wp\/v2\/pages\/89","targetHints":{"allow":["GET"]}}],"collection":[{"href":"https:\/\/www.sarasantosnutricionista.com\/index.php\/wp-json\/wp\/v2\/pages"}],"about":[{"href":"https:\/\/www.sarasantosnutricionista.com\/index.php\/wp-json\/wp\/v2\/types\/page"}],"author":[{"embeddable":true,"href":"https:\/\/www.sarasantosnutricionista.com\/index.php\/wp-json\/wp\/v2\/users\/1"}],"replies":[{"embeddable":true,"href":"https:\/\/www.sarasantosnutricionista.com\/index.php\/wp-json\/wp\/v2\/comments?post=89"}],"version-history":[{"count":50,"href":"https:\/\/www.sarasantosnutricionista.com\/index.php\/wp-json\/wp\/v2\/pages\/89\/revisions"}],"predecessor-version":[{"id":332,"href":"https:\/\/www.sarasantosnutricionista.com\/index.php\/wp-json\/wp\/v2\/pages\/89\/revisions\/332"}],"wp:attachment":[{"href":"https:\/\/www.sarasantosnutricionista.com\/index.php\/wp-json\/wp\/v2\/media?parent=89"}],"curies":[{"name":"wp","href":"https:\/\/api.w.org\/{rel}","templated":true}]}}