{"id":38,"date":"2023-11-05T20:33:17","date_gmt":"2023-11-05T20:33:17","guid":{"rendered":"https:\/\/www.sarasantosnutricionista.com\/?page_id=38"},"modified":"2025-12-07T18:56:18","modified_gmt":"2025-12-07T18:56:18","slug":"servicios","status":"publish","type":"page","link":"https:\/\/www.sarasantosnutricionista.com\/index.php\/servicios\/","title":{"rendered":"Servicios"},"content":{"rendered":"\n<div class=\"wp-block-group has-global-padding is-layout-constrained wp-block-group-is-layout-constrained\">\n<div class=\"wp-block-group alignwide has-global-padding is-layout-constrained wp-block-group-is-layout-constrained\" style=\"margin-top:0px;margin-bottom:0px;padding-top:var(--wp--preset--spacing--xx-large);padding-bottom:var(--wp--preset--spacing--xx-large)\">\n<div class=\"wp-block-group alignwide is-layout-flow wp-block-group-is-layout-flow\">\n<div class=\"wp-block-columns are-vertically-aligned-center is-layout-flex wp-container-core-columns-is-layout-00f84694 wp-block-columns-is-layout-flex\">\n<div class=\"wp-block-column is-vertically-aligned-center is-layout-flow wp-block-column-is-layout-flow\" style=\"flex-basis:60%\">\n<div class=\"wp-block-group has-global-padding is-layout-constrained wp-container-core-group-is-layout-e555385e wp-block-group-is-layout-constrained\">\n<p class=\"has-primary-color has-text-color has-base-font-size\" style=\"margin-bottom:0\">Descubre <\/p>\n\n\n\n<h2 class=\"wp-block-heading has-large-font-size\">C\u00f3mo podemos ayudarte<\/h2>\n\n\n\n<p style=\"margin-top:var(--wp--preset--spacing--xx-small)\">\u00bfSab\u00edas qu\u00e9..? la mayor\u00eda de los objetivos que planteamos en las consultas son: <\/p>\n<\/div>\n\n\n\n<ul class=\"wp-block-list\">\n<li style=\"font-size:clamp(0.875rem, 0.875rem + ((1vw - 0.2rem) * 0.227), 1rem);\">Aprender a comer mejor y conocer lo que te sienta bien<\/li>\n\n\n\n<li style=\"font-size:clamp(0.875rem, 0.875rem + ((1vw - 0.2rem) * 0.227), 1rem);\">Mejorar molestias digestivas e intestinales desde la ra\u00edz<\/li>\n\n\n\n<li style=\"font-size:clamp(0.875rem, 0.875rem + ((1vw - 0.2rem) * 0.227), 1rem);\">Tener m\u00e1s energ\u00eda y sentirse mejor<\/li>\n\n\n\n<li style=\"font-size:clamp(0.875rem, 0.875rem + ((1vw - 0.2rem) * 0.227), 1rem);\">Mejorar sintomatolog\u00eda relacionada con inflamaci\u00f3n en lipedema <\/li>\n\n\n\n<li style=\"font-size:clamp(0.875rem, 0.875rem + ((1vw - 0.2rem) * 0.227), 1rem);\">Trabajar en prevenci\u00f3n<\/li>\n\n\n\n<li style=\"font-size:clamp(0.875rem, 0.875rem + ((1vw - 0.2rem) * 0.227), 1rem);\">Alimentaci\u00f3n y estilo de vida  antiinflamatoria<\/li>\n<\/ul>\n\n\n\n<div class=\"wp-block-group has-global-padding is-layout-constrained wp-container-core-group-is-layout-e555385e wp-block-group-is-layout-constrained\">\n<div class=\"wp-block-buttons is-content-justification-left is-layout-flex wp-container-core-buttons-is-layout-08be1a38 wp-block-buttons-is-layout-flex\" style=\"margin-top:var(--wp--preset--spacing--medium)\">\n<div class=\"wp-block-button\"><a class=\"wp-block-button__link wp-element-button\" href=\"https:\/\/www.sarasantosnutricionista.com\/index.php\/contacto\/\">Comienza \u2192<\/a><\/div>\n\n\n\n<div class=\"wp-block-button is-style-outline is-style-outline--1\"><a class=\"wp-block-button__link wp-element-button\" href=\"https:\/\/www.sarasantosnutricionista.com\/index.php\/sobre-mi\/\">Con\u00f3cenos<\/a><\/div>\n<\/div>\n<\/div>\n<\/div>\n\n\n\n<div class=\"wp-block-column is-vertically-aligned-center is-layout-flow wp-block-column-is-layout-flow\" style=\"flex-basis:40%\">\n<figure class=\"wp-block-image size-large is-resized\"><img decoding=\"async\" src=\"https:\/\/www.sarasantosnutricionista.com\/wp-content\/uploads\/2023\/11\/Copia-de-KDC_Julio-2023-3-819x1024.png\" alt=\"\" class=\"wp-image-60\" style=\"aspect-ratio:0.7998046875;width:308px;height:auto\"\/><\/figure>\n<\/div>\n<\/div>\n<\/div>\n\n\n\n<div class=\"wp-block-media-text is-stacked-on-mobile has-background\" style=\"background-color:#f6f7f6;grid-template-columns:37% auto\"><figure class=\"wp-block-media-text__media\"><img loading=\"lazy\" decoding=\"async\" width=\"612\" height=\"408\" src=\"https:\/\/www.sarasantosnutricionista.com\/wp-content\/uploads\/2023\/11\/istockphoto-1063752208-612x612-4.jpg\" alt=\"\" class=\"wp-image-61 size-full\" srcset=\"https:\/\/www.sarasantosnutricionista.com\/wp-content\/uploads\/2023\/11\/istockphoto-1063752208-612x612-4.jpg 612w, https:\/\/www.sarasantosnutricionista.com\/wp-content\/uploads\/2023\/11\/istockphoto-1063752208-612x612-4-300x200.jpg 300w\" sizes=\"auto, (max-width: 612px) 100vw, 612px\" \/><\/figure><div class=\"wp-block-media-text__content\">\n<p><strong>Bienestar digestivo e intestinal<\/strong><\/p>\n\n\n\n<p style=\"font-size:14px\">La salud comienza en el intestino.<\/p>\n\n\n\n<p style=\"font-size:14px\">Mejora tus digestiones con alimentaci\u00f3n y cambios en el estilo de vida. <\/p>\n\n\n\n<p style=\"font-size:14px\">Pondremos el foco en tu microbiota ya que su equilibrios es esencial para tu bienestar. <\/p>\n\n\n\n<p style=\"font-size:14px\">Vivir con muchos gases, vientre hinchado, dolor de barriga, n\u00e1useas, fatiga, estre\u00f1imiento o diarrea no es normal y merma tu calidad de vida. Trabajaremos juntas para que recuperes tu bienestar.<\/p>\n\n\n\n<p style=\"font-size:0.84rem\"><\/p>\n<\/div><\/div>\n\n\n\n<div class=\"wp-block-media-text has-media-on-the-right is-stacked-on-mobile has-background\" style=\"background-color:#f6f7f6;grid-template-columns:auto 33%\"><div class=\"wp-block-media-text__content\">\n<p><strong>Salud hormonal en todas las etapas<\/strong><\/p>\n\n\n\n<p style=\"font-size:clamp(0.875rem, 0.875rem + ((1vw - 0.2rem) * 0.227), 1rem);\">\u00bfSab\u00edas que la menstruaci\u00f3n y su ciclo nos da mucha informaci\u00f3n sobre tu estado de salud?<\/p>\n\n\n\n<p style=\"font-size:clamp(0.875rem, 0.875rem + ((1vw - 0.2rem) * 0.227), 1rem);\">En consulta te ayudaremos a entender tu ciclo, a elegir los alimentos que mejor te vienen y te dar\u00e9 pautas para ayudarte a resolver problemas hormonales, como el s\u00edndrome de ovarios poliqu\u00edsticos, amenorrea, s\u00edndrome premenstrual, endometriosis&#8230;<\/p>\n\n\n\n<p style=\"font-size:clamp(0.875rem, 0.875rem + ((1vw - 0.2rem) * 0.227), 1rem);\">Recuerda que la regla no debe doler y que no hay que normalizar sentirse muy hinchada, con descomposici\u00f3n, cefaleas o molestias que te impidan llevar una vida normal esos d\u00edas.<\/p>\n\n\n\n<p style=\"font-size:clamp(0.875rem, 0.875rem + ((1vw - 0.2rem) * 0.227), 1rem);\">Cu\u00e9ntanos tu caso y vemos la mejor manera de trabajar juntas para buscar las causas de los desequilibrios y conseguir que te encuentres mejor.<\/p>\n\n\n\n<p style=\"font-size:14px\"><\/p>\n<\/div><figure class=\"wp-block-media-text__media\"><img loading=\"lazy\" decoding=\"async\" width=\"800\" height=\"533\" src=\"https:\/\/www.sarasantosnutricionista.com\/wp-content\/uploads\/2023\/11\/pexels-photo-5938391.jpeg\" alt=\"\" class=\"wp-image-62 size-full\" srcset=\"https:\/\/www.sarasantosnutricionista.com\/wp-content\/uploads\/2023\/11\/pexels-photo-5938391.jpeg 800w, https:\/\/www.sarasantosnutricionista.com\/wp-content\/uploads\/2023\/11\/pexels-photo-5938391-300x200.jpeg 300w, https:\/\/www.sarasantosnutricionista.com\/wp-content\/uploads\/2023\/11\/pexels-photo-5938391-768x512.jpeg 768w\" sizes=\"auto, (max-width: 800px) 100vw, 800px\" \/><\/figure><\/div>\n\n\n\n<div class=\"wp-block-media-text is-stacked-on-mobile has-background\" style=\"background-color:#f6f7f6;grid-template-columns:35% auto\"><figure class=\"wp-block-media-text__media\"><img loading=\"lazy\" decoding=\"async\" width=\"612\" height=\"448\" src=\"https:\/\/www.sarasantosnutricionista.com\/wp-content\/uploads\/2023\/11\/istockphoto-1287829471-612x612-1.jpg\" alt=\"\" class=\"wp-image-64 size-full\" srcset=\"https:\/\/www.sarasantosnutricionista.com\/wp-content\/uploads\/2023\/11\/istockphoto-1287829471-612x612-1.jpg 612w, https:\/\/www.sarasantosnutricionista.com\/wp-content\/uploads\/2023\/11\/istockphoto-1287829471-612x612-1-300x220.jpg 300w\" sizes=\"auto, (max-width: 612px) 100vw, 612px\" \/><\/figure><div class=\"wp-block-media-text__content\">\n<p><strong>Migra\u00f1a y cefaleas<\/strong><\/p>\n\n\n\n<p style=\"font-size:clamp(0.875rem, 0.875rem + ((1vw - 0.2rem) * 0.227), 1rem);\">\u00bfDolores de cabeza frecuentes? \u00bfQue adem\u00e1s empeoran el fin de semana? \u00bfLo relacionas con algunos alimentos? \u00bfTe sientes cansad@ y que no llegas a todo?<\/p>\n\n\n\n<p style=\"font-size:clamp(0.875rem, 0.875rem + ((1vw - 0.2rem) * 0.227), 1rem);\">La migra\u00f1a es solo la punta del iceberg y requiere un abordaje integrativo para mejorar a trav\u00e9s de cambios en la alimentaci\u00f3n y h\u00e1bitos de vida personalizados.<\/p>\n\n\n\n<p style=\"font-size:clamp(0.875rem, 0.875rem + ((1vw - 0.2rem) * 0.227), 1rem);\">Indagaremos juntas en lo que te sucede para ir a la ra\u00edz y desde ah\u00ed proponer cambios que te ayuden a recuperar tu energ\u00eda y vitalidad.<\/p>\n\n\n\n<p style=\"font-size:14px\"><\/p>\n<\/div><\/div>\n\n\n\n<div class=\"wp-block-media-text has-media-on-the-right is-stacked-on-mobile has-background\" style=\"background-color:#f6f7f6;grid-template-columns:auto 32%\"><div class=\"wp-block-media-text__content\">\n<p><strong>Interpretaci\u00f3n de anal\u00edticas y pruebas complementarias<\/strong><\/p>\n\n\n\n<p style=\"font-size:clamp(0.875rem, 0.875rem + ((1vw - 0.2rem) * 0.173), 0.97rem);\">Te ayudamos a entender tus valores m\u00e1s all\u00e1 de los asteriscos, teniendo en cuenta tu contexto y situaci\u00f3n.<\/p>\n\n\n\n<p style=\"font-size:clamp(0.875rem, 0.875rem + ((1vw - 0.2rem) * 0.173), 0.97rem);\">Tambi\u00e9n podemos ver juntas tus pruebas complementarias, test de microbiota, test de SIBO&#8230;<\/p>\n\n\n\n<p style=\"font-size:clamp(0.875rem, 0.875rem + ((1vw - 0.2rem) * 0.173), 0.97rem);\"> Con todos los datos en la mesa  buscaremos la soluci\u00f3n que mejor se adapte a ti.<\/p>\n\n\n\n<p class=\"has-small-font-size\"><\/p>\n<\/div><figure class=\"wp-block-media-text__media\"><img loading=\"lazy\" decoding=\"async\" width=\"1024\" height=\"678\" src=\"https:\/\/www.sarasantosnutricionista.com\/wp-content\/uploads\/2023\/11\/pexels-photo-590020-1024x678.webp\" alt=\"\" class=\"wp-image-63 size-full\" srcset=\"https:\/\/www.sarasantosnutricionista.com\/wp-content\/uploads\/2023\/11\/pexels-photo-590020-1024x678.webp 1024w, https:\/\/www.sarasantosnutricionista.com\/wp-content\/uploads\/2023\/11\/pexels-photo-590020-300x199.webp 300w, https:\/\/www.sarasantosnutricionista.com\/wp-content\/uploads\/2023\/11\/pexels-photo-590020-768x509.webp 768w, https:\/\/www.sarasantosnutricionista.com\/wp-content\/uploads\/2023\/11\/pexels-photo-590020-1536x1017.webp 1536w, https:\/\/www.sarasantosnutricionista.com\/wp-content\/uploads\/2023\/11\/pexels-photo-590020-2048x1356.webp 2048w\" sizes=\"auto, (max-width: 1024px) 100vw, 1024px\" \/><\/figure><\/div>\n\n\n\n<div class=\"wp-block-media-text is-stacked-on-mobile has-background\" style=\"background-color:#f6f7f6;grid-template-columns:35% auto\"><figure class=\"wp-block-media-text__media\"><img loading=\"lazy\" decoding=\"async\" width=\"225\" height=\"225\" src=\"https:\/\/www.sarasantosnutricionista.com\/wp-content\/uploads\/2025\/04\/descarga.jpeg\" alt=\"\" class=\"wp-image-242 size-full\" srcset=\"https:\/\/www.sarasantosnutricionista.com\/wp-content\/uploads\/2025\/04\/descarga.jpeg 225w, https:\/\/www.sarasantosnutricionista.com\/wp-content\/uploads\/2025\/04\/descarga-150x150.jpeg 150w\" sizes=\"auto, (max-width: 225px) 100vw, 225px\" \/><\/figure><div class=\"wp-block-media-text__content\">\n<p><strong>Recomposici\u00f3n corporal<\/strong><\/p>\n\n\n\n<p style=\"font-size:clamp(0.875rem, 0.875rem + ((1vw - 0.2rem) * 0.227), 1rem);\">P\u00e9rdida de grasa y aumento de masa muscular a trav\u00e9s de cambios en la alimentaci\u00f3n   y h\u00e1bitos de vida con el objetivo de recuperar tu salud de forma respetuosa. Sin dietas restrictivas.<\/p>\n\n\n\n<p style=\"font-size:clamp(0.875rem, 0.875rem + ((1vw - 0.2rem) * 0.227), 1rem);\">\u00bfTe has planteado qu\u00e9 tipo de dieta es la que m\u00e1s te conviene? La mejor alimentaci\u00f3n es aquella que se adapta a ti y puedas mantener en el tiempo.<\/p>\n\n\n\n<p style=\"font-size:clamp(0.875rem, 0.875rem + ((1vw - 0.2rem) * 0.227), 1rem);\">A trav\u00e9s de la consulta te recomendaremos los mejores alimentos para nutrirte y que te sientas mejor. Pero para nosotras, es muy importante que disfrutes de la alimentaci\u00f3n para que puedas mantener los h\u00e1bitos saludables a largo plazo.<\/p>\n\n\n\n<p style=\"font-size:clamp(0.875rem, 0.875rem + ((1vw - 0.2rem) * 0.227), 1rem);\">Lo ideal es que puedas mantener a largo plazo un estilo de vida saludable. No nos gustan las dietas restrictivas ni aquellas milagrosas que prometen resultados en tiempo record. La clave es elegir alimentos sanos y aprender recetas sabrosas y f\u00e1ciles que puedas realizar en tu d\u00eda a d\u00eda. \u00a1Incluso en el tupper del trabajo!<\/p>\n\n\n\n<p style=\"font-size:clamp(0.875rem, 0.875rem + ((1vw - 0.2rem) * 0.227), 1rem);\">Te ayudaremos a reconocer alimentos y opciones saludables, a mejorar tu lista de la compra y c\u00f3mo cocinar sin renunciar a los sabores ricos. Te compartiremos recetas que seguro te apetece probar.<\/p>\n\n\n\n<p style=\"font-size:clamp(0.875rem, 0.875rem + ((1vw - 0.2rem) * 0.227), 1rem);\"><\/p>\n\n\n\n<p style=\"font-size:clamp(0.875rem, 0.875rem + ((1vw - 0.2rem) * 0.227), 1rem);\"><\/p>\n<\/div><\/div>\n\n\n\n<div class=\"wp-block-media-text has-media-on-the-right is-stacked-on-mobile has-background\" style=\"background-color:#f6f7f6;grid-template-columns:auto 35%\"><div class=\"wp-block-media-text__content\">\n<p><strong>Psiconutrici\u00f3n: acompa\u00f1amiento conjunto nutrici\u00f3n + psicolog\u00eda.<\/strong><\/p>\n\n\n\n<p style=\"font-size:clamp(0.875rem, 0.875rem + ((1vw - 0.2rem) * 0.227), 1rem);\">Estar\u00e1s doblemente acompa\u00f1ada para sanar tu relaci\u00f3n con la alimentaci\u00f3n. Con nosotras trabajar\u00e1s aspectos relacionados con la nutrici\u00f3n y contar\u00e1s con el apoyo de una psic\u00f3loga especializada en conducta alimentaria.<\/p>\n\n\n\n<p style=\"font-size:clamp(0.875rem, 0.875rem + ((1vw - 0.2rem) * 0.227), 1rem);\">A trav\u00e9s del trabajo conjunto de psicolog\u00eda y nutrici\u00f3n conseguir\u00e1s:<\/p>\n\n\n\n<ul class=\"wp-block-list\">\n<li style=\"font-size:clamp(0.875rem, 0.875rem + ((1vw - 0.2rem) * 0.227), 1rem);\">Identificar y trabajar emociones<\/li>\n\n\n\n<li style=\"font-size:clamp(0.875rem, 0.875rem + ((1vw - 0.2rem) * 0.227), 1rem);\">Conseguir herramientas para superar barreras y bloqueos<\/li>\n\n\n\n<li style=\"font-size:clamp(0.875rem, 0.875rem + ((1vw - 0.2rem) * 0.227), 1rem);\">Trabajar la imagen corporal y autoestima<\/li>\n<\/ul>\n\n\n\n<p style=\"font-size:clamp(0.875rem, 0.875rem + ((1vw - 0.2rem) * 0.227), 1rem);\">El trabajo en equipo es fundamental para mejorar la relaci\u00f3n con la alimentaci\u00f3n y una buena relaci\u00f3n con la comida es la base de una vida llena de salud.<\/p>\n\n\n\n<p style=\"font-size:clamp(0.875rem, 0.875rem + ((1vw - 0.2rem) * 0.227), 1rem);\">\u00bfTe interesa el enfoque de la psiconutrici\u00f3n?  Buscaremos la mejora forma de trabajar juntas para que consigas tus objetivos y te sientas mejor.<\/p>\n\n\n\n<p><\/p>\n\n\n\n<p class=\"has-small-font-size\"><\/p>\n<\/div><figure class=\"wp-block-media-text__media\"><img loading=\"lazy\" decoding=\"async\" width=\"612\" height=\"408\" src=\"https:\/\/www.sarasantosnutricionista.com\/wp-content\/uploads\/2023\/11\/istockphoto-1031563502-612x612-1.jpg\" alt=\"\" class=\"wp-image-68 size-full\" srcset=\"https:\/\/www.sarasantosnutricionista.com\/wp-content\/uploads\/2023\/11\/istockphoto-1031563502-612x612-1.jpg 612w, https:\/\/www.sarasantosnutricionista.com\/wp-content\/uploads\/2023\/11\/istockphoto-1031563502-612x612-1-300x200.jpg 300w\" sizes=\"auto, (max-width: 612px) 100vw, 612px\" \/><\/figure><\/div>\n\n\n\n<div class=\"wp-block-media-text is-stacked-on-mobile has-background\" style=\"background-color:#f6f7f6;grid-template-columns:35% auto\"><figure class=\"wp-block-media-text__media\"><img loading=\"lazy\" decoding=\"async\" width=\"1024\" height=\"683\" src=\"https:\/\/www.sarasantosnutricionista.com\/wp-content\/uploads\/2023\/11\/pexels-photo-6707511-1024x683.webp\" alt=\"\" class=\"wp-image-69 size-full\" srcset=\"https:\/\/www.sarasantosnutricionista.com\/wp-content\/uploads\/2023\/11\/pexels-photo-6707511-1024x683.webp 1024w, https:\/\/www.sarasantosnutricionista.com\/wp-content\/uploads\/2023\/11\/pexels-photo-6707511-300x200.webp 300w, https:\/\/www.sarasantosnutricionista.com\/wp-content\/uploads\/2023\/11\/pexels-photo-6707511-768x512.webp 768w, https:\/\/www.sarasantosnutricionista.com\/wp-content\/uploads\/2023\/11\/pexels-photo-6707511-1536x1024.webp 1536w, https:\/\/www.sarasantosnutricionista.com\/wp-content\/uploads\/2023\/11\/pexels-photo-6707511-2048x1365.webp 2048w\" sizes=\"auto, (max-width: 1024px) 100vw, 1024px\" \/><\/figure><div class=\"wp-block-media-text__content\">\n<p><strong>Estilo de vida antiinflamatorio<\/strong><\/p>\n\n\n\n<p style=\"font-size:clamp(0.875rem, 0.875rem + ((1vw - 0.2rem) * 0.227), 1rem);\">Mucho m\u00e1s que una dieta. La nutrici\u00f3n antiinflamatoria es una forma de vida. Te ayudaremos a escoger los alimentos que m\u00e1s que te benefician y a realizar cambios en tus h\u00e1bitos de vida para que vuelvas a sentirte \u00e1gil, con la mente m\u00e1s clara y m\u00e1s vital.<\/p>\n\n\n\n<p style=\"font-size:clamp(0.875rem, 0.875rem + ((1vw - 0.2rem) * 0.227), 1rem);\">Se trata de un plan nutricional basado en comida real y alimentos frescos, cargados de nutrientes esenciales para resolver la inflamaci\u00f3n cr\u00f3nica en el organismo.<br><br>Trabajaremos juntas para que sientas sus beneficios. Algunos de ellos son la mejor\u00eda en los s\u00edntomas de enfermedades inflamatorias, la aceleraci\u00f3n de la p\u00e9rdida de grasa, bienestar hormonal, la reducci\u00f3n del riesgo cardiovascular, la ayuda en la mejor\u00eda del perfil lip\u00eddico y de la glucosa en sangre.<\/p>\n\n\n\n<p style=\"font-size:clamp(0.875rem, 0.875rem + ((1vw - 0.2rem) * 0.227), 1rem);\">En la consulta trabajaremos juntas para que aprendas a elegir los alimentos y h\u00e1bitos para minimizar las consecuencias de la inflamaci\u00f3n cr\u00f3nica de bajo grado y recuperar el bienestar y calidad de vida.<\/p>\n\n\n\n<p style=\"font-size:14px\"><\/p>\n<\/div><\/div>\n\n\n\n<div class=\"wp-block-media-text alignfull has-media-on-the-right is-stacked-on-mobile is-vertically-aligned-center is-style-default has-background\" style=\"background-color:#f6f7f6;grid-template-columns:auto 45%\"><div class=\"wp-block-media-text__content\">\n<h1 class=\"wp-block-heading has-text-color has-medium-font-size\" style=\"color:#000000\"><strong>Lipedema<\/strong><\/h1>\n\n\n\n<p class=\"has-text-color\" style=\"color:#636363;font-size:clamp(14px, 0.875rem + ((1vw - 3.2px) * 0.341), 17px);line-height:1.1\">Ayudarte a reducir la inflamaci\u00f3n, aliviar el dolor y mejorar tu bienestar a trav\u00e9s de un enfoque nutricional que responde a las necesidades espec\u00edficas de esta condici\u00f3n. <\/p>\n\n\n\n<p><\/p>\n\n\n\n<p class=\"has-text-color\" style=\"color:#636363;font-size:clamp(14px, 0.875rem + ((1vw - 3.2px) * 0.341), 17px);line-height:1.1\">Trabajaremos en un plan personalizado, lleno de nutrientes para que te sientas mejor. Buscaremos la ra\u00edz de tu inflamaci\u00f3n para mejorar la sensaci\u00f3n de dolor, pesadez y vol\u00famen.<\/p>\n<\/div><figure class=\"wp-block-media-text__media\"><img loading=\"lazy\" decoding=\"async\" width=\"1024\" height=\"682\" src=\"https:\/\/www.sarasantosnutricionista.com\/wp-content\/uploads\/2024\/11\/feet-1853291_1280-1024x682.jpg\" alt=\"\" class=\"wp-image-207 size-full\" srcset=\"https:\/\/www.sarasantosnutricionista.com\/wp-content\/uploads\/2024\/11\/feet-1853291_1280-1024x682.jpg 1024w, https:\/\/www.sarasantosnutricionista.com\/wp-content\/uploads\/2024\/11\/feet-1853291_1280-300x200.jpg 300w, https:\/\/www.sarasantosnutricionista.com\/wp-content\/uploads\/2024\/11\/feet-1853291_1280-768x512.jpg 768w, https:\/\/www.sarasantosnutricionista.com\/wp-content\/uploads\/2024\/11\/feet-1853291_1280.jpg 1280w\" sizes=\"auto, (max-width: 1024px) 100vw, 1024px\" \/><\/figure><\/div>\n\n\n\n<p><\/p>\n<\/div>\n<\/div>\n\n\n\n<div class=\"wp-block-buttons is-content-justification-center is-layout-flex wp-container-core-buttons-is-layout-a89b3969 wp-block-buttons-is-layout-flex\">\n<div class=\"wp-block-button\"><a class=\"wp-block-button__link wp-element-button\" href=\"https:\/\/www.sarasantosnutricionista.com\/index.php\/contacto\/\">Reserva tu cita<\/a><\/div>\n<\/div>\n\n\n\n<p><\/p>\n\n\n\n<p><\/p>\n\n\n\n<p><\/p>\n","protected":false},"excerpt":{"rendered":"<p>Descubre C\u00f3mo podemos ayudarte \u00bfSab\u00edas qu\u00e9..? la mayor\u00eda de los objetivos que planteamos en las consultas son: Bienestar digestivo e intestinal La salud comienza en el intestino. Mejora tus digestiones con alimentaci\u00f3n y cambios en el estilo de vida. Pondremos el foco en tu microbiota ya que su equilibrios es esencial para tu bienestar. Vivir [&hellip;]<\/p>\n","protected":false},"author":1,"featured_media":0,"parent":0,"menu_order":0,"comment_status":"closed","ping_status":"closed","template":"no-title-space","meta":{"footnotes":""},"class_list":["post-38","page","type-page","status-publish","hentry"],"jetpack_sharing_enabled":true,"_links":{"self":[{"href":"https:\/\/www.sarasantosnutricionista.com\/index.php\/wp-json\/wp\/v2\/pages\/38","targetHints":{"allow":["GET"]}}],"collection":[{"href":"https:\/\/www.sarasantosnutricionista.com\/index.php\/wp-json\/wp\/v2\/pages"}],"about":[{"href":"https:\/\/www.sarasantosnutricionista.com\/index.php\/wp-json\/wp\/v2\/types\/page"}],"author":[{"embeddable":true,"href":"https:\/\/www.sarasantosnutricionista.com\/index.php\/wp-json\/wp\/v2\/users\/1"}],"replies":[{"embeddable":true,"href":"https:\/\/www.sarasantosnutricionista.com\/index.php\/wp-json\/wp\/v2\/comments?post=38"}],"version-history":[{"count":15,"href":"https:\/\/www.sarasantosnutricionista.com\/index.php\/wp-json\/wp\/v2\/pages\/38\/revisions"}],"predecessor-version":[{"id":276,"href":"https:\/\/www.sarasantosnutricionista.com\/index.php\/wp-json\/wp\/v2\/pages\/38\/revisions\/276"}],"wp:attachment":[{"href":"https:\/\/www.sarasantosnutricionista.com\/index.php\/wp-json\/wp\/v2\/media?parent=38"}],"curies":[{"name":"wp","href":"https:\/\/api.w.org\/{rel}","templated":true}]}}