{"id":209,"date":"2024-11-07T18:59:24","date_gmt":"2024-11-07T18:59:24","guid":{"rendered":"https:\/\/www.sarasantosnutricionista.com\/?page_id=209"},"modified":"2024-11-07T18:59:26","modified_gmt":"2024-11-07T18:59:26","slug":"lipedema","status":"publish","type":"page","link":"https:\/\/www.sarasantosnutricionista.com\/index.php\/lipedema\/","title":{"rendered":"Lipedema"},"content":{"rendered":"\n<p><strong>Acompa\u00f1amiento Personalizado para el Tratamiento del Lipedema<\/strong><\/p>\n\n\n\n<p>S\u00e9 lo frustrante que puede ser enfrentarse al lipedema, especialmente cuando has probado muchas dietas sin encontrar resultados duraderos.<\/p>\n\n\n\n<p>Actualmente colaboro con varias  cl\u00ednicas especializadas en lipedema y linfedema en varias zonas de Espa\u00f1a. Y una cosa que he aprendido con el trato de tantas mujeres con lipedema es que el trabajo y colaboraci\u00f3n en equipo es fundamental: medicina, fisiterapia, psicolog\u00edam ejercicio f\u00edsico  y nutrici\u00f3n espec\u00edfica son esenciales para un abordaje integral.<\/p>\n\n\n\n<p>Ofrezco un enfoque que va mucho m\u00e1s all\u00e1 de una dieta est\u00e1ndar. Aqu\u00ed no hay soluciones generales ni atajos: trabajaremos juntas, en un equipo, para entender las necesidades de tu cuerpo y encontrar el camino que realmente funcione para ti a trav\u00e9s de h\u00e1bitos antiinflamatorios y recomendaciones espec\u00edficas. Iremos a la ra\u00edz \u00bfCu\u00e1l es el origen de tu inflamaci\u00f3n? \u00bfc\u00f3mo est\u00e1 tu sistema digestivo? \u00bfC\u00f3mo est\u00e1n tus hormonas? \u00bfCu\u00e1l es tu relaci\u00f3n con la alimentaci\u00f3n? Indagaremos en todo ello. <\/p>\n\n\n\n<p>Mi enfoque se centra en buscar la ra\u00edz de la inflamaci\u00f3n, buscando soluciones que te ayuden a sentirte mejor, sin imponer restricciones innecesarias. Cada paso estar\u00e1 ajustado a tus circunstancias, a tu bienestar y a tus objetivos, para que este sea un proceso de cuidado y descubrimiento, dise\u00f1ado solo para ti.<br><br><\/p>\n","protected":false},"excerpt":{"rendered":"<p>Acompa\u00f1amiento Personalizado para el Tratamiento del Lipedema S\u00e9 lo frustrante que puede ser enfrentarse al lipedema, especialmente cuando has probado muchas dietas sin encontrar resultados duraderos. Actualmente colaboro con varias cl\u00ednicas especializadas en lipedema y linfedema en varias zonas de Espa\u00f1a. Y una cosa que he aprendido con el trato de tantas mujeres con lipedema [&hellip;]<\/p>\n","protected":false},"author":1,"featured_media":0,"parent":0,"menu_order":0,"comment_status":"closed","ping_status":"closed","template":"","meta":{"footnotes":""},"class_list":["post-209","page","type-page","status-publish","hentry"],"jetpack_sharing_enabled":true,"_links":{"self":[{"href":"https:\/\/www.sarasantosnutricionista.com\/index.php\/wp-json\/wp\/v2\/pages\/209","targetHints":{"allow":["GET"]}}],"collection":[{"href":"https:\/\/www.sarasantosnutricionista.com\/index.php\/wp-json\/wp\/v2\/pages"}],"about":[{"href":"https:\/\/www.sarasantosnutricionista.com\/index.php\/wp-json\/wp\/v2\/types\/page"}],"author":[{"embeddable":true,"href":"https:\/\/www.sarasantosnutricionista.com\/index.php\/wp-json\/wp\/v2\/users\/1"}],"replies":[{"embeddable":true,"href":"https:\/\/www.sarasantosnutricionista.com\/index.php\/wp-json\/wp\/v2\/comments?post=209"}],"version-history":[{"count":1,"href":"https:\/\/www.sarasantosnutricionista.com\/index.php\/wp-json\/wp\/v2\/pages\/209\/revisions"}],"predecessor-version":[{"id":210,"href":"https:\/\/www.sarasantosnutricionista.com\/index.php\/wp-json\/wp\/v2\/pages\/209\/revisions\/210"}],"wp:attachment":[{"href":"https:\/\/www.sarasantosnutricionista.com\/index.php\/wp-json\/wp\/v2\/media?parent=209"}],"curies":[{"name":"wp","href":"https:\/\/api.w.org\/{rel}","templated":true}]}}