{"id":178,"date":"2024-01-29T12:26:14","date_gmt":"2024-01-29T12:26:14","guid":{"rendered":"https:\/\/www.sarasantosnutricionista.com\/?page_id=178"},"modified":"2026-02-27T17:55:46","modified_gmt":"2026-02-27T17:55:46","slug":"agenda-completa","status":"publish","type":"page","link":"https:\/\/www.sarasantosnutricionista.com\/index.php\/agenda-completa\/","title":{"rendered":"\u00a1Agenda completa!"},"content":{"rendered":"\n<p class=\"has-text-align-center has-background has-large-font-size\" style=\"background-color:#9063ff45\"><strong>\u00bfQuieres trabajar con nosotras?<\/strong><\/p>\n\n\n\n<p class=\"has-text-align-center\">\u00a1<strong>Ahora somos un equipo<\/strong>!<\/p>\n\n\n\n<p><strong><br><\/strong>Lo que empez\u00f3 siendo una consulta individual se ha convertido en un&nbsp;<strong>centro de nutrici\u00f3n integrativa<\/strong>&nbsp;en el que trabajamos varias profesionales con una misma filosof\u00eda.<br>Cada una est\u00e1 m\u00e1s enfocada en determinadas \u00e1reas (digestivo, lipedema, salud hormonal, deporte o recomposici\u00f3n corporal).<br>Nos reunimos semanalmente para&nbsp;<strong>revisar casos cl\u00ednicos, compartir dudas y tomar las mejores decisiones conjuntas<\/strong>.<\/p>\n\n\n\n<p>Esto significa que:<br>Tendr\u00e1s una profesional que ser\u00e1 tu referente en el d\u00eda a d\u00eda.<br>Pero, en realidad,&nbsp;<strong>te acompa\u00f1a la experiencia de todo el equipo<\/strong>.<br>Es la manera que hemos encontrado de aportar m\u00e1s claridad y un proceso de cambio mejor acompa\u00f1ado.<\/p>\n\n\n\n<p>Si tienes ganas de trabajar  con nosotras-<\/p>\n\n\n\n<p><strong>Cu\u00e9ntanos tu caso a trav\u00e9s de este formulario<\/strong><\/p>\n\n\n\n<p>Valoraremos toda la informaci\u00f3n y te asignaremos la profesional que mejor se ajuste a tus necesidades. <\/p>\n\n\n<style id=\"wpforms-css-vars-99-block-3db3878a-e3d5-4383-b8a4-a915478e82e1\">\n\t\t\t\t#wpforms-99.wpforms-block-3db3878a-e3d5-4383-b8a4-a915478e82e1 {\n\t\t\t\t--wpforms-field-size-input-height: 43px;\n--wpforms-field-size-input-spacing: 15px;\n--wpforms-field-size-font-size: 16px;\n--wpforms-field-size-line-height: 19px;\n--wpforms-field-size-padding-h: 14px;\n--wpforms-field-size-checkbox-size: 16px;\n--wpforms-field-size-sublabel-spacing: 5px;\n--wpforms-field-size-icon-size: 1;\n--wpforms-label-size-font-size: 16px;\n--wpforms-label-size-line-height: 19px;\n--wpforms-label-size-sublabel-font-size: 14px;\n--wpforms-label-size-sublabel-line-height: 17px;\n--wpforms-button-size-font-size: 17px;\n--wpforms-button-size-height: 41px;\n--wpforms-button-size-padding-h: 15px;\n--wpforms-button-size-margin-top: 10px;\n\t\t\t}\n\t\t\t<\/style><div class=\"wpforms-container wpforms-container-full wpforms-block wpforms-block-3db3878a-e3d5-4383-b8a4-a915478e82e1 wpforms-render-modern\" id=\"wpforms-99\"><form id=\"wpforms-form-99\" class=\"wpforms-validate wpforms-form wpforms-ajax-form\" data-formid=\"99\" method=\"post\" enctype=\"multipart\/form-data\" action=\"\/index.php\/wp-json\/wp\/v2\/pages\/178\" data-token=\"1dd8b6b5c67a74502bbba4b167d2fc64\" data-token-time=\"1776598636\"><noscript class=\"wpforms-error-noscript\">Por favor, activa JavaScript en tu navegador para completar este formulario.<\/noscript><div id=\"wpforms-error-noscript\" style=\"display: none;\">Por favor, activa JavaScript en tu navegador para completar este formulario.<\/div><div class=\"wpforms-field-container\"><div id=\"wpforms-99-field_0-container\" class=\"wpforms-field wpforms-field-name\" data-field-id=\"0\"><fieldset><legend class=\"wpforms-field-label\">Nombre <span class=\"wpforms-required-label\" aria-hidden=\"true\">*<\/span><\/legend><div class=\"wpforms-field-row wpforms-field-medium\"><div class=\"wpforms-field-row-block wpforms-first wpforms-one-half\"><input type=\"text\" id=\"wpforms-99-field_0\" class=\"wpforms-field-name-first wpforms-field-required\" name=\"wpforms[fields][0][first]\" aria-errormessage=\"wpforms-99-field_0-error\" required><label for=\"wpforms-99-field_0\" class=\"wpforms-field-sublabel after\">Nombre<\/label><\/div><div class=\"wpforms-field-row-block wpforms-one-half\"><input type=\"text\" id=\"wpforms-99-field_0-last\" class=\"wpforms-field-name-last wpforms-field-required\" name=\"wpforms[fields][0][last]\" aria-errormessage=\"wpforms-99-field_0-last-error\" required><label for=\"wpforms-99-field_0-last\" class=\"wpforms-field-sublabel after\">Apellidos<\/label><\/div><\/div><\/fieldset><\/div><div id=\"wpforms-99-field_1-container\" class=\"wpforms-field wpforms-field-email\" data-field-id=\"1\"><label class=\"wpforms-field-label\" for=\"wpforms-99-field_1\">Correo electr\u00f3nico <span class=\"wpforms-required-label\" aria-hidden=\"true\">*<\/span><\/label><input type=\"email\" id=\"wpforms-99-field_1\" class=\"wpforms-field-medium wpforms-field-required\" name=\"wpforms[fields][1]\" spellcheck=\"false\" aria-errormessage=\"wpforms-99-field_1-error\" required><\/div><div id=\"wpforms-99-field_5-container\" class=\"wpforms-field wpforms-field-number\" data-field-id=\"5\"><label class=\"wpforms-field-label\" for=\"wpforms-99-field_5\">N\u00famero de tel\u00e9fono <span class=\"wpforms-required-label\" aria-hidden=\"true\">*<\/span><\/label><input type=\"number\" id=\"wpforms-99-field_5\" class=\"wpforms-field-medium wpforms-field-required\" name=\"wpforms[fields][5]\" step=\"any\" aria-errormessage=\"wpforms-99-field_5-error\" required><\/div><div id=\"wpforms-99-field_2-container\" class=\"wpforms-field wpforms-field-textarea\" data-field-id=\"2\"><label class=\"wpforms-field-label\" for=\"wpforms-99-field_2\">Cu\u00e9ntanos brevemente tu caso<\/label><textarea id=\"wpforms-99-field_2\" class=\"wpforms-field-medium\" name=\"wpforms[fields][2]\" aria-errormessage=\"wpforms-99-field_2-error\" ><\/textarea><\/div><div id=\"wpforms-99-field_3-container\" class=\"wpforms-field wpforms-field-select wpforms-field-select-style-classic\" data-field-id=\"3\"><label class=\"wpforms-field-label\" for=\"wpforms-99-field_3\">Tipo de consulta: elige online o presencial en Gij\u00f3n <span class=\"wpforms-required-label\" aria-hidden=\"true\">*<\/span><\/label><select id=\"wpforms-99-field_3\" class=\"wpforms-field-medium wpforms-field-required\" name=\"wpforms[fields][3]\" required=\"required\"><option value=\"Online\"  class=\"choice-1 depth-1\"  >Online<\/option><option value=\"Presencial\"  selected='selected' class=\"choice-2 depth-1\"  >Presencial<\/option><\/select><\/div><div id=\"wpforms-99-field_6-container\" class=\"wpforms-field wpforms-field-text\" data-field-id=\"6\"><label class=\"wpforms-field-label\" for=\"wpforms-99-field_6\">\u00bfC\u00f3mo nos has conocido?<\/label><input type=\"text\" id=\"wpforms-99-field_6\" class=\"wpforms-field-medium\" name=\"wpforms[fields][6]\" aria-errormessage=\"wpforms-99-field_6-error\" ><\/div><\/div><!-- .wpforms-field-container --><div class=\"wpforms-submit-container\" ><input type=\"hidden\" name=\"wpforms[id]\" value=\"99\"><input type=\"hidden\" name=\"page_title\" value=\"\"><input type=\"hidden\" name=\"page_url\" value=\"https:\/\/www.sarasantosnutricionista.com\/index.php\/wp-json\/wp\/v2\/pages\/178\"><input type=\"hidden\" name=\"url_referer\" value=\"\"><button type=\"submit\" name=\"wpforms[submit]\" id=\"wpforms-submit-99\" class=\"wpforms-submit\" data-alt-text=\"Enviando...\" data-submit-text=\"Enviar\" aria-live=\"assertive\" value=\"wpforms-submit\">Enviar<\/button><img loading=\"lazy\" decoding=\"async\" src=\"https:\/\/www.sarasantosnutricionista.com\/wp-content\/plugins\/wpforms-lite\/assets\/images\/submit-spin.svg\" class=\"wpforms-submit-spinner\" style=\"display: none;\" width=\"26\" height=\"26\" alt=\"Cargando\"><\/div><\/form><\/div>  <!-- .wpforms-container -->\n\n\n<p>\u00a1Muchas gracias por tu confianza!<\/p>\n\n\n\n<p><\/p>\n","protected":false},"excerpt":{"rendered":"<p>\u00bfQuieres trabajar con nosotras? \u00a1Ahora somos un equipo! Lo que empez\u00f3 siendo una consulta individual se ha convertido en un&nbsp;centro de nutrici\u00f3n integrativa&nbsp;en el que trabajamos varias profesionales con una misma filosof\u00eda.Cada una est\u00e1 m\u00e1s enfocada en determinadas \u00e1reas (digestivo, lipedema, salud hormonal, deporte o recomposici\u00f3n corporal).Nos reunimos semanalmente para&nbsp;revisar casos cl\u00ednicos, compartir dudas y [&hellip;]<\/p>\n","protected":false},"author":1,"featured_media":0,"parent":0,"menu_order":0,"comment_status":"closed","ping_status":"closed","template":"no-title-space","meta":{"footnotes":""},"class_list":["post-178","page","type-page","status-publish","hentry"],"jetpack_sharing_enabled":true,"_links":{"self":[{"href":"https:\/\/www.sarasantosnutricionista.com\/index.php\/wp-json\/wp\/v2\/pages\/178","targetHints":{"allow":["GET"]}}],"collection":[{"href":"https:\/\/www.sarasantosnutricionista.com\/index.php\/wp-json\/wp\/v2\/pages"}],"about":[{"href":"https:\/\/www.sarasantosnutricionista.com\/index.php\/wp-json\/wp\/v2\/types\/page"}],"author":[{"embeddable":true,"href":"https:\/\/www.sarasantosnutricionista.com\/index.php\/wp-json\/wp\/v2\/users\/1"}],"replies":[{"embeddable":true,"href":"https:\/\/www.sarasantosnutricionista.com\/index.php\/wp-json\/wp\/v2\/comments?post=178"}],"version-history":[{"count":14,"href":"https:\/\/www.sarasantosnutricionista.com\/index.php\/wp-json\/wp\/v2\/pages\/178\/revisions"}],"predecessor-version":[{"id":309,"href":"https:\/\/www.sarasantosnutricionista.com\/index.php\/wp-json\/wp\/v2\/pages\/178\/revisions\/309"}],"wp:attachment":[{"href":"https:\/\/www.sarasantosnutricionista.com\/index.php\/wp-json\/wp\/v2\/media?parent=178"}],"curies":[{"name":"wp","href":"https:\/\/api.w.org\/{rel}","templated":true}]}}